{"id":28867,"date":"2022-09-18T16:28:19","date_gmt":"2022-09-18T14:28:19","guid":{"rendered":"https:\/\/ahobi-informatik.ch\/?page_id=28867"},"modified":"2024-11-09T12:25:17","modified_gmt":"2024-11-09T11:25:17","slug":"home","status":"publish","type":"page","link":"https:\/\/ahobi-informatik.ch\/","title":{"rendered":"Home"},"content":{"rendered":"[et_pb_section fb_built=&#8220;1&#8243; inner_shadow=&#8220;on&#8220; admin_label=&#8220;section&#8220; _builder_version=&#8220;4.27.2&#8243; hover_enabled=&#8220;0&#8243; global_colors_info=&#8220;{}&#8220; use_background_color_gradient=&#8220;off&#8220; sticky_enabled=&#8220;0&#8243;][et_pb_row admin_label=&#8220;row&#8220; _builder_version=&#8220;4.16&#8243; background_size=&#8220;initial&#8220; background_position=&#8220;top_left&#8220; background_repeat=&#8220;repeat&#8220; global_colors_info=&#8220;{}&#8220;][et_pb_column type=&#8220;4_4&#8243; _builder_version=&#8220;4.16&#8243; custom_padding=&#8220;|||&#8220; global_colors_info=&#8220;{}&#8220; custom_padding__hover=&#8220;|||&#8220;][et_pb_text admin_label=&#8220;Text&#8220; _builder_version=&#8220;4.16&#8243; background_size=&#8220;initial&#8220; background_position=&#8220;top_left&#8220; background_repeat=&#8220;repeat&#8220; global_colors_info=&#8220;{}&#8220;]\n<p>Herzlich willkommen auf meiner Homepage.<\/p>\n\n\n\n<p>Wollen Sie ihre IT optimieren, suchen Sie Unterst\u00fctzung bei Projekten?<\/p>\n\n\n\n<p><strong>Dann wenden Sie sich an mich, vielleicht kann ich Sie bei Ihren Pl\u00e4nen und Ideen unterst\u00fctzen. <\/strong><\/p>\n[\/et_pb_text][\/et_pb_column][\/et_pb_row][\/et_pb_section]","protected":false},"excerpt":{"rendered":"<p>Herzlich willkommen auf meiner Homepage. Wollen Sie ihre IT optimieren, suchen Sie Unterst\u00fctzung bei Projekten? Dann wenden Sie sich an mich, vielleicht kann ich Sie bei Ihren Pl\u00e4nen und Ideen unterst\u00fctzen.<\/p>\n","protected":false},"author":1,"featured_media":0,"parent":0,"menu_order":0,"comment_status":"closed","ping_status":"closed","template":"","meta":{"_et_pb_use_builder":"on","_et_pb_old_content":"<!-- wp:paragraph -->\n<p>Herzlich willkommen auf meiner Homepage.<\/p>\n<!-- \/wp:paragraph -->\n\n<!-- wp:paragraph -->\n<p>Wollen Sie ihre IT optimieren, suchen Sie Unterst\u00fctzung bei Projekten?<\/p>\n<!-- \/wp:paragraph -->\n\n<!-- wp:paragraph -->\n<p><strong>Dann wenden Sie sich an mich, vielleicht kann ich Sie bei Ihren Pl\u00e4nen und Ideen unterst\u00fctzen. <\/strong><\/p>\n<!-- \/wp:paragraph -->","_et_gb_content_width":"","footnotes":""},"class_list":["post-28867","page","type-page","status-publish","hentry"],"_links":{"self":[{"href":"https:\/\/ahobi-informatik.ch\/index.php?rest_route=\/wp\/v2\/pages\/28867","targetHints":{"allow":["GET"]}}],"collection":[{"href":"https:\/\/ahobi-informatik.ch\/index.php?rest_route=\/wp\/v2\/pages"}],"about":[{"href":"https:\/\/ahobi-informatik.ch\/index.php?rest_route=\/wp\/v2\/types\/page"}],"author":[{"embeddable":true,"href":"https:\/\/ahobi-informatik.ch\/index.php?rest_route=\/wp\/v2\/users\/1"}],"replies":[{"embeddable":true,"href":"https:\/\/ahobi-informatik.ch\/index.php?rest_route=%2Fwp%2Fv2%2Fcomments&post=28867"}],"version-history":[{"count":19,"href":"https:\/\/ahobi-informatik.ch\/index.php?rest_route=\/wp\/v2\/pages\/28867\/revisions"}],"predecessor-version":[{"id":1088629,"href":"https:\/\/ahobi-informatik.ch\/index.php?rest_route=\/wp\/v2\/pages\/28867\/revisions\/1088629"}],"wp:attachment":[{"href":"https:\/\/ahobi-informatik.ch\/index.php?rest_route=%2Fwp%2Fv2%2Fmedia&parent=28867"}],"curies":[{"name":"wp","href":"https:\/\/api.w.org\/{rel}","templated":true}]}}